{"id":29147,"date":"2026-01-15T11:31:14","date_gmt":"2026-01-15T10:31:14","guid":{"rendered":"https:\/\/jas.dk\/produkter\/uncategorized\/hanger-rack-on-wheels-model-1\/"},"modified":"2026-03-23T14:25:36","modified_gmt":"2026-03-23T13:25:36","slug":"hanger-rack-on-wheels-model-1","status":"publish","type":"product","link":"https:\/\/jas.dk\/en\/products\/racks\/hanger-rack-on-wheels-model-1\/","title":{"rendered":"Hanger stand on leveling shoe &#8211; Model 1"},"content":{"rendered":"<p data-start=\"1679\" data-end=\"2033\">A hanger rack should be more than just a hanger &#8211; it should create order, an efficient overview and a stable solution for daily operations. This <strong data-start=\"1814\" data-end=\"1840\">style shoe hanger rack<\/strong> is designed for just that purpose: to handle clothes and garments in a safe and structured way, whether it&#8217;s in a busy retail environment, a packing table, a storage area or a textile production facility. <\/p>\n<p data-start=\"2035\" data-end=\"2073\">Model 1 is available in two convenient sizes:<\/p>\n<ul data-start=\"2075\" data-end=\"2120\">\n<li data-start=\"2075\" data-end=\"2097\">\n<p data-start=\"2077\" data-end=\"2097\"><strong data-start=\"2077\" data-end=\"2097\">1500\u00d7500\u00d71600 mm<\/strong><\/p>\n<\/li>\n<li data-start=\"2098\" data-end=\"2120\">\n<p data-start=\"2100\" data-end=\"2120\"><strong data-start=\"2100\" data-end=\"2120\">2000\u00d7500\u00d71600 mm<\/strong><\/p>\n<\/li>\n<\/ul>\n<p data-start=\"2122\" data-end=\"2457\">This makes it possible to choose a hanger rack that fits the amount of clothes and the available space. The solid <strong data-start=\"2270\" data-end=\"2277\">\u00d830<\/strong> diameter hanger bar provides high strength and stability and the rack is designed to handle up to <strong data-start=\"2363\" data-end=\"2388\">100 kg per hanger bar<\/strong>, making it suitable for both light garments and heavier hanging. <\/p>\n<p data-start=\"2459\" data-end=\"2610\">The style shoes give the stand a firm and stable base, which is ideal when the hanger stand is primarily used in one place and as a fixed part of the workspace.<\/p>\n<h2 data-start=\"2617\" data-end=\"2649\"><strong data-start=\"2620\" data-end=\"2649\">Features and benefits<\/strong><\/h2>\n<h3 data-start=\"2651\" data-end=\"2700\"><strong data-start=\"2655\" data-end=\"2700\">Robust hanger rack with high load capacity<\/strong><\/h3>\n<p data-start=\"2701\" data-end=\"2950\">This hanger rack is designed with strength and stability in mind. With a maximum load of <strong data-start=\"2799\" data-end=\"2824\">100 kg per hanger bar<\/strong>, it can be used for large quantities of clothes &#8211; making it an excellent garment rack for both operation and storage. <\/p>\n<h3 data-start=\"2952\" data-end=\"3004\"><strong data-start=\"2956\" data-end=\"3004\">Stiletto shoes provide stability in fixed areas<\/strong><\/h3>\n<p data-start=\"3005\" data-end=\"3067\">The style shoes make this clothes rack ideal for fixed locations in the home:<\/p>\n<ul data-start=\"3068\" data-end=\"3240\">\n<li data-start=\"3068\" data-end=\"3087\">\n<p data-start=\"3070\" data-end=\"3087\">Store and showroom<\/p>\n<\/li>\n<li data-start=\"3088\" data-end=\"3111\">\n<p data-start=\"3090\" data-end=\"3111\">Storage and packing areas<\/p>\n<\/li>\n<li data-start=\"3112\" data-end=\"3240\">\n<p data-start=\"3114\" data-end=\"3240\">backstage or internal textile handling<br data-start=\"3154\" data-end=\"3157\">This provides a quiet and secure solution that does not move unnecessarily during daily use.<\/p>\n<\/li>\n<\/ul>\n<h3 data-start=\"3242\" data-end=\"3289\"><strong data-start=\"3246\" data-end=\"3289\">Two sizes &#8211; flexible capacity<\/strong><\/h3>\n<p data-start=\"3290\" data-end=\"3504\">The option of both 1500 mm and 2000 mm lengths makes it easy to scale capacity. A longer hanger rack provides maximum hanging space, while the shorter version is great for smaller areas and narrow work zones. <\/p>\n<h3 data-start=\"3506\" data-end=\"3561\"><strong data-start=\"3510\" data-end=\"3561\">Suitable as a clothing rack and garment rack<\/strong><\/h3>\n<p data-start=\"3562\" data-end=\"3615\">The hanger rack can be used for many tasks, including:<\/p>\n<ul data-start=\"3616\" data-end=\"3771\">\n<li data-start=\"3616\" data-end=\"3643\">\n<p data-start=\"3618\" data-end=\"3643\">Hanging new arrivals<\/p>\n<\/li>\n<li data-start=\"3644\" data-end=\"3685\">\n<p data-start=\"3646\" data-end=\"3685\">Sorting sizes and collections<\/p>\n<\/li>\n<li data-start=\"3686\" data-end=\"3722\">\n<p data-start=\"3688\" data-end=\"3722\">Temporary storage before packing<\/p>\n<\/li>\n<li data-start=\"3723\" data-end=\"3771\">\n<p data-start=\"3725\" data-end=\"3771\">Internal organization of clothes at workstations<\/p>\n<\/li>\n<\/ul>\n<h2 data-start=\"3778\" data-end=\"3807\"><strong data-start=\"3781\" data-end=\"3807\">Areas of application<\/strong><\/h2>\n<p data-start=\"3808\" data-end=\"3844\">This <strong data-start=\"3814\" data-end=\"3829\">hanger rack<\/strong> is often used in:<\/p>\n<ul data-start=\"3846\" data-end=\"4184\">\n<li data-start=\"3846\" data-end=\"3913\">\n<p data-start=\"3848\" data-end=\"3913\"><strong data-start=\"3848\" data-end=\"3873\">Stores and showrooms<\/strong> &#8211; presenting clothing and collections<\/p>\n<\/li>\n<li data-start=\"3914\" data-end=\"3981\">\n<p data-start=\"3916\" data-end=\"3981\"><strong data-start=\"3916\" data-end=\"3937\">Warehousing and logistics<\/strong> &#8211; storage and sorting before shipping<\/p>\n<\/li>\n<li data-start=\"3982\" data-end=\"4039\">\n<p data-start=\"3984\" data-end=\"4039\"><strong data-start=\"3984\" data-end=\"4005\">Textile production<\/strong> &#8211; organization between processes<\/p>\n<\/li>\n<li data-start=\"4040\" data-end=\"4113\">\n<p data-start=\"4042\" data-end=\"4113\"><strong data-start=\"4042\" data-end=\"4072\">E-commerce and packing areas<\/strong> &#8211; structure and overview for pick and pack<\/p>\n<\/li>\n<li data-start=\"4114\" data-end=\"4184\">\n<p data-start=\"4116\" data-end=\"4184\"><strong data-start=\"4116\" data-end=\"4139\">Events and backstage<\/strong> &#8211; high capacity temporary hanging<\/p>\n<\/li>\n<\/ul>\n<p data-start=\"4186\" data-end=\"4301\">Because the rack is both stable and simple, it works as both a garment rack and clothing rack in many work environments.<\/p>\n<h2 data-start=\"4308\" data-end=\"4334\"><strong data-start=\"4311\" data-end=\"4334\">Specifications<\/strong><\/h2>\n<ul data-start=\"4335\" data-end=\"4640\">\n<li data-start=\"4335\" data-end=\"4384\">\n<p data-start=\"4337\" data-end=\"4384\"><strong data-start=\"4337\" data-end=\"4349\">Product:<\/strong> Hanger rack on style shoe &#8211; Model 1<\/p>\n<\/li>\n<li data-start=\"4385\" data-end=\"4440\">\n<p data-start=\"4387\" data-end=\"4440\"><strong data-start=\"4387\" data-end=\"4402\">Sizes:<\/strong> 1500\u00d7500\u00d71600 mm \/ 2000\u00d7500\u00d71600 mm<\/p>\n<\/li>\n<li data-start=\"4441\" data-end=\"4463\">\n<p data-start=\"4443\" data-end=\"4463\"><strong data-start=\"4443\" data-end=\"4456\">Approx. weight:<\/strong> 9 kg<\/p>\n<\/li>\n<li data-start=\"4464\" data-end=\"4511\">\n<p data-start=\"4466\" data-end=\"4511\"><strong data-start=\"4466\" data-end=\"4487\">Max. load:<\/strong> 100 kg per hanger bar<\/p>\n<\/li>\n<li data-start=\"4512\" data-end=\"4535\">\n<p data-start=\"4514\" data-end=\"4535\"><strong data-start=\"4514\" data-end=\"4529\">Hanger bar:<\/strong> \u00d830<\/p>\n<\/li>\n<li data-start=\"4536\" data-end=\"4597\">\n<p data-start=\"4538\" data-end=\"4597\"><strong data-start=\"4538\" data-end=\"4551\">Function:<\/strong> Hanger rack \/ garment rack \/ clothes rack<\/p>\n<\/li>\n<li data-start=\"4598\" data-end=\"4640\">\n<p data-start=\"4600\" data-end=\"4640\"><strong data-start=\"4600\" data-end=\"4609\">Base:<\/strong> Stiletto shoe for stable positioning<\/p>\n<\/li>\n<\/ul>\n<h2 data-start=\"4647\" data-end=\"4688\"><strong data-start=\"4650\" data-end=\"4688\">Customization and special solutions<\/strong><\/h2>\n<p data-start=\"4689\" data-end=\"4909\">Do you need a hanger rack in other dimensions or with specific customization for your operation? JAS can deliver customized dimensions and adaptations to optimally fit your internal flow, space conditions and textile handling. <\/p>\n<h2 data-start=\"4916\" data-end=\"4951\"><strong data-start=\"4919\" data-end=\"4951\">Ordering and advice<\/strong><\/h2>\n<p data-start=\"4952\" data-end=\"5194\">If you are looking for a stable <strong data-start=\"4977\" data-end=\"4992\">hanger rack<\/strong>, a strong <strong data-start=\"5004\" data-end=\"5025\">garment rack<\/strong> or a functional <strong data-start=\"5047\" data-end=\"5060\">clothing rack<\/strong> for professional use, JAS is ready to advise and deliver the right solution. Send us a non-binding inquiry or contact us for customization options. <\/p>\n","protected":false},"excerpt":{"rendered":"<p>This <strong data-start=\"544\" data-end=\"559\">hanger rack<\/strong> on style shoe (Model 1) is a stable and simple solution for hanging clothes, textiles or other items in retail, warehouse, showroom and production environments. The rack functions as both a <strong data-start=\"708\" data-end=\"729\">garment rack<\/strong> and <strong data-start=\"733\" data-end=\"746\">clothing rack<\/strong> and is designed with a robust hanger bar \u00d830 that can handle up to 100 kg per hanger bar. With sizes 1500\u00d7500\u00d71600 mm and 2000\u00d7500\u00d71600 mm, the hanger rack can be adapted to different needs for capacity and space. The stilts provide good stability and make the rack ideal for fixed locations.   <\/p>\n","protected":false},"featured_media":29148,"template":"","meta":{"_acf_changed":false,"site-sidebar-layout":"default","site-content-layout":"","ast-site-content-layout":"default","site-content-style":"default","site-sidebar-style":"default","ast-global-header-display":"","ast-banner-title-visibility":"","ast-main-header-display":"","ast-hfb-above-header-display":"","ast-hfb-below-header-display":"","ast-hfb-mobile-header-display":"","site-post-title":"","ast-breadcrumbs-content":"","ast-featured-img":"","footer-sml-layout":"","ast-disable-related-posts":"","theme-transparent-header-meta":"default","adv-header-id-meta":"","stick-header-meta":"default","header-above-stick-meta":"","header-main-stick-meta":"","header-below-stick-meta":"","astra-migrate-meta-layouts":"set","ast-page-background-enabled":"default","ast-page-background-meta":{"desktop":{"background-color":"","background-image":"","background-repeat":"repeat","background-position":"center center","background-size":"auto","background-attachment":"scroll","background-type":"","background-media":"","overlay-type":"","overlay-color":"","overlay-opacity":"","overlay-gradient":""},"tablet":{"background-color":"","background-image":"","background-repeat":"repeat","background-position":"center center","background-size":"auto","background-attachment":"scroll","background-type":"","background-media":"","overlay-type":"","overlay-color":"","overlay-opacity":"","overlay-gradient":""},"mobile":{"background-color":"","background-image":"","background-repeat":"repeat","background-position":"center center","background-size":"auto","background-attachment":"scroll","background-type":"","background-media":"","overlay-type":"","overlay-color":"","overlay-opacity":"","overlay-gradient":""}},"ast-content-background-meta":{"desktop":{"background-color":"var(--ast-global-color-5)","background-image":"","background-repeat":"repeat","background-position":"center center","background-size":"auto","background-attachment":"scroll","background-type":"","background-media":"","overlay-type":"","overlay-color":"","overlay-opacity":"","overlay-gradient":""},"tablet":{"background-color":"var(--ast-global-color-5)","background-image":"","background-repeat":"repeat","background-position":"center center","background-size":"auto","background-attachment":"scroll","background-type":"","background-media":"","overlay-type":"","overlay-color":"","overlay-opacity":"","overlay-gradient":""},"mobile":{"background-color":"var(--ast-global-color-5)","background-image":"","background-repeat":"repeat","background-position":"center center","background-size":"auto","background-attachment":"scroll","background-type":"","background-media":"","overlay-type":"","overlay-color":"","overlay-opacity":"","overlay-gradient":""}}},"product_brand":[],"product_cat":[1438,2192,2022,1686],"product_tag":[],"class_list":{"0":"post-29147","1":"product","2":"type-product","3":"status-publish","4":"has-post-thumbnail","6":"product_cat-racks","7":"product_cat-clothes-hangers","8":"product_cat-hanger-racks","9":"product_cat-standard-products","10":"pa_storrelser-1500x500x1600mm","11":"pa_storrelser-2000x500x1600mm","12":"desktop-align-left","13":"tablet-align-left","14":"mobile-align-left","15":"ast-product-gallery-layout-horizontal","16":"ast-product-gallery-with-no-image","17":"ast-product-single-variable","18":"ast-product-tabs-layout-horizontal","20":"first","21":"instock","22":"taxable","23":"shipping-taxable","24":"purchasable","25":"product-type-variable","26":"has-default-attributes"},"acf":[],"_links":{"self":[{"href":"https:\/\/jas.dk\/en\/wp-json\/wp\/v2\/product\/29147","targetHints":{"allow":["GET"]}}],"collection":[{"href":"https:\/\/jas.dk\/en\/wp-json\/wp\/v2\/product"}],"about":[{"href":"https:\/\/jas.dk\/en\/wp-json\/wp\/v2\/types\/product"}],"version-history":[{"count":9,"href":"https:\/\/jas.dk\/en\/wp-json\/wp\/v2\/product\/29147\/revisions"}],"predecessor-version":[{"id":38602,"href":"https:\/\/jas.dk\/en\/wp-json\/wp\/v2\/product\/29147\/revisions\/38602"}],"wp:featuredmedia":[{"embeddable":true,"href":"https:\/\/jas.dk\/en\/wp-json\/wp\/v2\/media\/29148"}],"wp:attachment":[{"href":"https:\/\/jas.dk\/en\/wp-json\/wp\/v2\/media?parent=29147"}],"wp:term":[{"taxonomy":"product_brand","embeddable":true,"href":"https:\/\/jas.dk\/en\/wp-json\/wp\/v2\/product_brand?post=29147"},{"taxonomy":"product_cat","embeddable":true,"href":"https:\/\/jas.dk\/en\/wp-json\/wp\/v2\/product_cat?post=29147"},{"taxonomy":"product_tag","embeddable":true,"href":"https:\/\/jas.dk\/en\/wp-json\/wp\/v2\/product_tag?post=29147"}],"curies":[{"name":"wp","href":"https:\/\/api.w.org\/{rel}","templated":true}]}}