{"id":29162,"date":"2026-01-15T11:37:20","date_gmt":"2026-01-15T10:37:20","guid":{"rendered":"https:\/\/jas.dk\/produkter\/uncategorized\/hanger-rack-with-2-hanger-rods-model-3\/"},"modified":"2026-03-23T14:25:17","modified_gmt":"2026-03-23T13:25:17","slug":"hanger-rack-with-2-hanger-rods-model-3","status":"publish","type":"product","link":"https:\/\/jas.dk\/en\/products\/racks\/hanger-rack-with-2-hanger-rods-model-3\/","title":{"rendered":"Clothes hanger stand on leveling shoe with 2 hanger bars \u2013 Model 3"},"content":{"rendered":"<p data-start=\"1512\" data-end=\"1786\">Model 3 is a robust <strong data-start=\"1533\" data-end=\"1567\">hanger rack with 2 hanger bars<\/strong> that gives you far greater capacity than traditional clothes racks. The construction is designed for fixed locations where stability, durability and overview are important and where you want to utilize the space optimally. <\/p>\n<p data-start=\"1788\" data-end=\"1874\">The stand comes in two sizes, so you can choose the length that suits your needs:<\/p>\n<ul data-start=\"1876\" data-end=\"1921\">\n<li data-start=\"1876\" data-end=\"1898\">\n<p data-start=\"1878\" data-end=\"1898\"><strong data-start=\"1878\" data-end=\"1898\">1500\u00d7500\u00d71600 mm<\/strong><\/p>\n<\/li>\n<li data-start=\"1899\" data-end=\"1921\">\n<p data-start=\"1901\" data-end=\"1921\"><strong data-start=\"1901\" data-end=\"1921\">2000\u00d7500\u00d71600 mm<\/strong><\/p>\n<\/li>\n<\/ul>\n<p data-start=\"1923\" data-end=\"2140\">The biggest advantage of this hanger rack is the two hanger rods<strong data-start=\"1987\" data-end=\"1996\">(\u00d830\u00d72<\/strong>), which allow you to divide the hanger into two levels. This makes the rack perfect for businesses where clothes are often sorted by, for example: <\/p>\n<ul data-start=\"2141\" data-end=\"2241\">\n<li data-start=\"2141\" data-end=\"2154\">\n<p data-start=\"2143\" data-end=\"2154\">size<\/p>\n<\/li>\n<li data-start=\"2155\" data-end=\"2165\">\n<p data-start=\"2157\" data-end=\"2165\">Colors<\/p>\n<\/li>\n<li data-start=\"2166\" data-end=\"2181\">\n<p data-start=\"2168\" data-end=\"2181\">customer orders<\/p>\n<\/li>\n<li data-start=\"2182\" data-end=\"2198\">\n<p data-start=\"2184\" data-end=\"2198\">collections<\/p>\n<\/li>\n<li data-start=\"2199\" data-end=\"2241\">\n<p data-start=\"2201\" data-end=\"2241\">Product type (jackets, pants, shirts, etc.)<\/p>\n<\/li>\n<\/ul>\n<p data-start=\"2243\" data-end=\"2438\">Each hanger bar can handle up to <strong data-start=\"2279\" data-end=\"2300\">100 kg load<\/strong>, making this garment rack ideal for both light garments and heavier hanging where you want a solution that will last for many years.<\/p>\n<h2 data-start=\"2445\" data-end=\"2477\"><strong data-start=\"2448\" data-end=\"2477\">Features and benefits<\/strong><\/h2>\n<h3 data-start=\"2479\" data-end=\"2529\"><strong data-start=\"2483\" data-end=\"2529\">Double suspension &#8211; more capacity per m\u00b2<\/strong><\/h3>\n<p data-start=\"2530\" data-end=\"2684\">With two hanger rods, you get significantly more hanging space without taking up more floor space. This maximizes the use of storage and shop capacity. <\/p>\n<h3 data-start=\"2686\" data-end=\"2731\"><strong data-start=\"2690\" data-end=\"2731\">Perfect for sorting and structure<\/strong><\/h3>\n<p data-start=\"2732\" data-end=\"2904\">This hanger rack makes it easy to keep track of clothes because you can create clear zones. For many businesses, this means fewer errors, better flow and faster handling. <\/p>\n<h3 data-start=\"2906\" data-end=\"2954\"><strong data-start=\"2910\" data-end=\"2954\">Stable solution for fixed locations<\/strong><\/h3>\n<p data-start=\"2955\" data-end=\"3061\">The stiletto legs provide stability and make the stand ideal for places where it needs to stand firmly &#8211; for example, in:<\/p>\n<ul data-start=\"3062\" data-end=\"3153\">\n<li data-start=\"3062\" data-end=\"3074\">\n<p data-start=\"3064\" data-end=\"3074\">showroom<\/p>\n<\/li>\n<li data-start=\"3075\" data-end=\"3089\">\n<p data-start=\"3077\" data-end=\"3089\">bearing zones<\/p>\n<\/li>\n<li data-start=\"3090\" data-end=\"3121\">\n<p data-start=\"3092\" data-end=\"3121\">Packing and sorting areas<\/p>\n<\/li>\n<li data-start=\"3122\" data-end=\"3153\">\n<p data-start=\"3124\" data-end=\"3153\">in-store warehouse or backstage<\/p>\n<\/li>\n<\/ul>\n<h3 data-start=\"3155\" data-end=\"3205\"><strong data-start=\"3159\" data-end=\"3205\">High load &#8211; 100 kg per hanger bar<\/strong><\/h3>\n<p data-start=\"3206\" data-end=\"3376\">A professional clothes rack must be able to withstand operation. That&#8217;s why this hanger rack is designed for high loads, where large quantities of clothes are often hung on the same rack. <\/p>\n<h3 data-start=\"3378\" data-end=\"3450\"><strong data-start=\"3382\" data-end=\"3450\">Suitable as garment racks and clothing racks in many industries<\/strong><\/h3>\n<p data-start=\"3451\" data-end=\"3475\">Model 3 is typically used in:<\/p>\n<ul data-start=\"3476\" data-end=\"3629\">\n<li data-start=\"3476\" data-end=\"3502\">\n<p data-start=\"3478\" data-end=\"3502\">fashion stores and retail<\/p>\n<\/li>\n<li data-start=\"3503\" data-end=\"3540\">\n<p data-start=\"3505\" data-end=\"3540\">textile and apparel production<\/p>\n<\/li>\n<li data-start=\"3541\" data-end=\"3554\">\n<p data-start=\"3543\" data-end=\"3554\">showrooms<\/p>\n<\/li>\n<li data-start=\"3555\" data-end=\"3581\">\n<p data-start=\"3557\" data-end=\"3581\">e-commerce and pick and pack<\/p>\n<\/li>\n<li data-start=\"3582\" data-end=\"3629\">\n<p data-start=\"3584\" data-end=\"3629\">Logistics and internal handling of workwear<\/p>\n<\/li>\n<\/ul>\n<h2 data-start=\"3636\" data-end=\"3665\"><strong data-start=\"3639\" data-end=\"3665\">Areas of application<\/strong><\/h2>\n<p data-start=\"3666\" data-end=\"3782\">A <strong data-start=\"3669\" data-end=\"3703\">hanger rack with 2 hanger rods<\/strong> is ideal for all situations where you want high capacity and better structure:<\/p>\n<ul data-start=\"3784\" data-end=\"4105\">\n<li data-start=\"3784\" data-end=\"3848\">\n<p data-start=\"3786\" data-end=\"3848\"><strong data-start=\"3786\" data-end=\"3805\">Store and retail<\/strong> &#8211; splitting collections and sizes<\/p>\n<\/li>\n<li data-start=\"3849\" data-end=\"3912\">\n<p data-start=\"3851\" data-end=\"3912\"><strong data-start=\"3851\" data-end=\"3863\">Showroom<\/strong> &#8211; presenting multiple lines on the same stand<\/p>\n<\/li>\n<li data-start=\"3913\" data-end=\"3978\">\n<p data-start=\"3915\" data-end=\"3978\"><strong data-start=\"3915\" data-end=\"3936\">Warehouse and logistics<\/strong> &#8211; sorting per order and faster picking<\/p>\n<\/li>\n<li data-start=\"3979\" data-end=\"4030\">\n<p data-start=\"3981\" data-end=\"4030\"><strong data-start=\"3981\" data-end=\"3995\">E-commerce<\/strong> &#8211; efficient preparation and packing<\/p>\n<\/li>\n<li data-start=\"4031\" data-end=\"4105\">\n<p data-start=\"4033\" data-end=\"4105\"><strong data-start=\"4033\" data-end=\"4054\">Textile production<\/strong> &#8211; intermediate station in production and quality control<\/p>\n<\/li>\n<\/ul>\n<h2 data-start=\"4112\" data-end=\"4138\"><strong data-start=\"4115\" data-end=\"4138\">Specifications<\/strong><\/h2>\n<ul data-start=\"4139\" data-end=\"4457\">\n<li data-start=\"4139\" data-end=\"4196\">\n<p data-start=\"4141\" data-end=\"4196\"><strong data-start=\"4141\" data-end=\"4153\">Product:<\/strong> Hanger rack with 2 hanger bars &#8211; Model 3<\/p>\n<\/li>\n<li data-start=\"4197\" data-end=\"4252\">\n<p data-start=\"4199\" data-end=\"4252\"><strong data-start=\"4199\" data-end=\"4214\">Sizes:<\/strong> 1500\u00d7500\u00d71600 mm \/ 2000\u00d7500\u00d71600 mm<\/p>\n<\/li>\n<li data-start=\"4253\" data-end=\"4278\">\n<p data-start=\"4255\" data-end=\"4278\"><strong data-start=\"4255\" data-end=\"4268\">Approx. weight:<\/strong> 12.3 kg<\/p>\n<\/li>\n<li data-start=\"4279\" data-end=\"4326\">\n<p data-start=\"4281\" data-end=\"4326\"><strong data-start=\"4281\" data-end=\"4302\">Max. load:<\/strong> 100 kg per hanger bar<\/p>\n<\/li>\n<li data-start=\"4327\" data-end=\"4354\">\n<p data-start=\"4329\" data-end=\"4354\"><strong data-start=\"4329\" data-end=\"4344\">Hanger bar:<\/strong> \u00d830 \u00d7 2<\/p>\n<\/li>\n<li data-start=\"4355\" data-end=\"4416\">\n<p data-start=\"4357\" data-end=\"4416\"><strong data-start=\"4357\" data-end=\"4370\">Function:<\/strong> Hanger rack \/ garment rack \/ clothes rack<\/p>\n<\/li>\n<li data-start=\"4417\" data-end=\"4457\">\n<p data-start=\"4419\" data-end=\"4457\"><strong data-start=\"4419\" data-end=\"4428\">Base:<\/strong> Stiletto (stable placement)<\/p>\n<\/li>\n<\/ul>\n<h2 data-start=\"4464\" data-end=\"4505\"><strong data-start=\"4467\" data-end=\"4505\">Customization and special solutions<\/strong><\/h2>\n<p data-start=\"4506\" data-end=\"4789\">JAS can supply hanger racks in custom sizes and with adaptations for specific workflows. For example, if you need extra distance between hanger bars, reinforcements, different heights or solutions for certain types of hangers and textiles, we can customize the design to suit your needs. <\/p>\n<h2 data-start=\"4796\" data-end=\"4831\"><strong data-start=\"4799\" data-end=\"4831\">Ordering and advice<\/strong><\/h2>\n<p data-start=\"4832\" data-end=\"5063\">Do you want a strong, double-capacity <strong data-start=\"4852\" data-end=\"4867\">hanger rack<\/strong> that provides better structure and higher efficiency in your operation? Contact JAS for a quote and advice on the right <strong data-start=\"5002\" data-end=\"5023\">garment rack<\/strong> or <strong data-start=\"5030\" data-end=\"5043\">clothing rack<\/strong> for your business. <\/p>\n","protected":false},"excerpt":{"rendered":"<p>This <strong data-start=\"402\" data-end=\"436\">hanger rack with 2 hanger rods<\/strong> (Model 3) is a stable and space-optimized clothing rack for professional hanging of clothes in stores, warehouses and showrooms. With two hanger rods (\u00d830\u00d72) you get significantly more hanging capacity and better sorting of collections, sizes or orders. The rack comes in sizes 1500\u00d7500\u00d71600 mm and 2000\u00d7500\u00d71600 mm and can support up to 100 kg per hanger bar. Ideal as a clothes rack for fixed locations where high capacity and a good overview are essential.    <\/p>\n","protected":false},"featured_media":29163,"template":"","meta":{"_acf_changed":false,"site-sidebar-layout":"default","site-content-layout":"","ast-site-content-layout":"default","site-content-style":"default","site-sidebar-style":"default","ast-global-header-display":"","ast-banner-title-visibility":"","ast-main-header-display":"","ast-hfb-above-header-display":"","ast-hfb-below-header-display":"","ast-hfb-mobile-header-display":"","site-post-title":"","ast-breadcrumbs-content":"","ast-featured-img":"","footer-sml-layout":"","ast-disable-related-posts":"","theme-transparent-header-meta":"default","adv-header-id-meta":"","stick-header-meta":"default","header-above-stick-meta":"","header-main-stick-meta":"","header-below-stick-meta":"","astra-migrate-meta-layouts":"set","ast-page-background-enabled":"default","ast-page-background-meta":{"desktop":{"background-color":"","background-image":"","background-repeat":"repeat","background-position":"center center","background-size":"auto","background-attachment":"scroll","background-type":"","background-media":"","overlay-type":"","overlay-color":"","overlay-opacity":"","overlay-gradient":""},"tablet":{"background-color":"","background-image":"","background-repeat":"repeat","background-position":"center center","background-size":"auto","background-attachment":"scroll","background-type":"","background-media":"","overlay-type":"","overlay-color":"","overlay-opacity":"","overlay-gradient":""},"mobile":{"background-color":"","background-image":"","background-repeat":"repeat","background-position":"center center","background-size":"auto","background-attachment":"scroll","background-type":"","background-media":"","overlay-type":"","overlay-color":"","overlay-opacity":"","overlay-gradient":""}},"ast-content-background-meta":{"desktop":{"background-color":"var(--ast-global-color-5)","background-image":"","background-repeat":"repeat","background-position":"center center","background-size":"auto","background-attachment":"scroll","background-type":"","background-media":"","overlay-type":"","overlay-color":"","overlay-opacity":"","overlay-gradient":""},"tablet":{"background-color":"var(--ast-global-color-5)","background-image":"","background-repeat":"repeat","background-position":"center center","background-size":"auto","background-attachment":"scroll","background-type":"","background-media":"","overlay-type":"","overlay-color":"","overlay-opacity":"","overlay-gradient":""},"mobile":{"background-color":"var(--ast-global-color-5)","background-image":"","background-repeat":"repeat","background-position":"center center","background-size":"auto","background-attachment":"scroll","background-type":"","background-media":"","overlay-type":"","overlay-color":"","overlay-opacity":"","overlay-gradient":""}}},"product_brand":[],"product_cat":[1438,2192,2022,1686],"product_tag":[],"class_list":{"0":"post-29162","1":"product","2":"type-product","3":"status-publish","4":"has-post-thumbnail","6":"product_cat-racks","7":"product_cat-clothes-hangers","8":"product_cat-hanger-racks","9":"product_cat-standard-products","10":"pa_storrelser-1500x500x1600mm","11":"pa_storrelser-2000x500x1600mm","12":"desktop-align-left","13":"tablet-align-left","14":"mobile-align-left","15":"ast-product-gallery-layout-horizontal","16":"ast-product-single-variable","17":"ast-product-tabs-layout-horizontal","19":"first","20":"instock","21":"taxable","22":"shipping-taxable","23":"purchasable","24":"product-type-variable","25":"has-default-attributes"},"acf":[],"_links":{"self":[{"href":"https:\/\/jas.dk\/en\/wp-json\/wp\/v2\/product\/29162","targetHints":{"allow":["GET"]}}],"collection":[{"href":"https:\/\/jas.dk\/en\/wp-json\/wp\/v2\/product"}],"about":[{"href":"https:\/\/jas.dk\/en\/wp-json\/wp\/v2\/types\/product"}],"version-history":[{"count":7,"href":"https:\/\/jas.dk\/en\/wp-json\/wp\/v2\/product\/29162\/revisions"}],"predecessor-version":[{"id":38600,"href":"https:\/\/jas.dk\/en\/wp-json\/wp\/v2\/product\/29162\/revisions\/38600"}],"wp:featuredmedia":[{"embeddable":true,"href":"https:\/\/jas.dk\/en\/wp-json\/wp\/v2\/media\/29163"}],"wp:attachment":[{"href":"https:\/\/jas.dk\/en\/wp-json\/wp\/v2\/media?parent=29162"}],"wp:term":[{"taxonomy":"product_brand","embeddable":true,"href":"https:\/\/jas.dk\/en\/wp-json\/wp\/v2\/product_brand?post=29162"},{"taxonomy":"product_cat","embeddable":true,"href":"https:\/\/jas.dk\/en\/wp-json\/wp\/v2\/product_cat?post=29162"},{"taxonomy":"product_tag","embeddable":true,"href":"https:\/\/jas.dk\/en\/wp-json\/wp\/v2\/product_tag?post=29162"}],"curies":[{"name":"wp","href":"https:\/\/api.w.org\/{rel}","templated":true}]}}