{"id":34661,"date":"2026-02-16T13:24:22","date_gmt":"2026-02-16T12:24:22","guid":{"rendered":"https:\/\/jas.dk\/produkter\/uncategorized\/castors-oe100-uer-100x34-oe12-loose-oe100-uer-100x34-oe12-loose\/"},"modified":"2026-02-19T12:01:56","modified_gmt":"2026-02-19T11:01:56","slug":"castors-oe100-uer-100x34-oe12-loose-oe100-uer-100x34-oe12-loose","status":"publish","type":"product","link":"https:\/\/jas.dk\/en\/products\/accessories\/tente-wheels\/castors-oe100-uer-100x34-oe12-loose-oe100-uer-100x34-oe12-loose\/","title":{"rendered":"Tent wheels \u00d8100 UER 100&#215;34-\u00d812 &#8211; loose"},"content":{"rendered":"","protected":false},"excerpt":{"rendered":"<p>&#8211; Loose wheel from Tente \u00d8100 &#8211; Elastech.<br \/>\n&#8211; Soft wheel track 63 Shore A.<br \/>\n&#8211; Wheel track width 34 mm. Hub width 44.4 mm.<br \/>\n&#8211; Max 160 kg at 4 km\/h. Static 320 kg.<br \/>\n&#8211; For \u00d812 axle bolt &#8211; option for \u00d88 bushing.<\/p>\n","protected":false},"featured_media":34779,"template":"","meta":{"_acf_changed":false,"site-sidebar-layout":"default","site-content-layout":"","ast-site-content-layout":"default","site-content-style":"default","site-sidebar-style":"default","ast-global-header-display":"","ast-banner-title-visibility":"","ast-main-header-display":"","ast-hfb-above-header-display":"","ast-hfb-below-header-display":"","ast-hfb-mobile-header-display":"","site-post-title":"","ast-breadcrumbs-content":"","ast-featured-img":"","footer-sml-layout":"","ast-disable-related-posts":"","theme-transparent-header-meta":"default","adv-header-id-meta":"","stick-header-meta":"default","header-above-stick-meta":"","header-main-stick-meta":"","header-below-stick-meta":"","astra-migrate-meta-layouts":"set","ast-page-background-enabled":"default","ast-page-background-meta":{"desktop":{"background-color":"","background-image":"","background-repeat":"repeat","background-position":"center center","background-size":"auto","background-attachment":"scroll","background-type":"","background-media":"","overlay-type":"","overlay-color":"","overlay-opacity":"","overlay-gradient":""},"tablet":{"background-color":"","background-image":"","background-repeat":"repeat","background-position":"center center","background-size":"auto","background-attachment":"scroll","background-type":"","background-media":"","overlay-type":"","overlay-color":"","overlay-opacity":"","overlay-gradient":""},"mobile":{"background-color":"","background-image":"","background-repeat":"repeat","background-position":"center center","background-size":"auto","background-attachment":"scroll","background-type":"","background-media":"","overlay-type":"","overlay-color":"","overlay-opacity":"","overlay-gradient":""}},"ast-content-background-meta":{"desktop":{"background-color":"var(--ast-global-color-5)","background-image":"","background-repeat":"repeat","background-position":"center center","background-size":"auto","background-attachment":"scroll","background-type":"","background-media":"","overlay-type":"","overlay-color":"","overlay-opacity":"","overlay-gradient":""},"tablet":{"background-color":"var(--ast-global-color-5)","background-image":"","background-repeat":"repeat","background-position":"center center","background-size":"auto","background-attachment":"scroll","background-type":"","background-media":"","overlay-type":"","overlay-color":"","overlay-opacity":"","overlay-gradient":""},"mobile":{"background-color":"var(--ast-global-color-5)","background-image":"","background-repeat":"repeat","background-position":"center center","background-size":"auto","background-attachment":"scroll","background-type":"","background-media":"","overlay-type":"","overlay-color":"","overlay-opacity":"","overlay-gradient":""}}},"product_brand":[],"product_cat":[2925,2212],"product_tag":[],"class_list":{"0":"post-34661","1":"product","2":"type-product","3":"status-publish","4":"has-post-thumbnail","6":"product_cat-tente-wheels","7":"product_cat-accessories","8":"desktop-align-left","9":"tablet-align-left","10":"mobile-align-left","11":"ast-product-gallery-layout-horizontal","12":"ast-product-gallery-with-no-image","13":"ast-product-tabs-layout-horizontal","15":"first","16":"instock","17":"virtual","18":"taxable","19":"purchasable","20":"product-type-simple"},"acf":[],"_links":{"self":[{"href":"https:\/\/jas.dk\/en\/wp-json\/wp\/v2\/product\/34661","targetHints":{"allow":["GET"]}}],"collection":[{"href":"https:\/\/jas.dk\/en\/wp-json\/wp\/v2\/product"}],"about":[{"href":"https:\/\/jas.dk\/en\/wp-json\/wp\/v2\/types\/product"}],"version-history":[{"count":3,"href":"https:\/\/jas.dk\/en\/wp-json\/wp\/v2\/product\/34661\/revisions"}],"predecessor-version":[{"id":34788,"href":"https:\/\/jas.dk\/en\/wp-json\/wp\/v2\/product\/34661\/revisions\/34788"}],"wp:featuredmedia":[{"embeddable":true,"href":"https:\/\/jas.dk\/en\/wp-json\/wp\/v2\/media\/34779"}],"wp:attachment":[{"href":"https:\/\/jas.dk\/en\/wp-json\/wp\/v2\/media?parent=34661"}],"wp:term":[{"taxonomy":"product_brand","embeddable":true,"href":"https:\/\/jas.dk\/en\/wp-json\/wp\/v2\/product_brand?post=34661"},{"taxonomy":"product_cat","embeddable":true,"href":"https:\/\/jas.dk\/en\/wp-json\/wp\/v2\/product_cat?post=34661"},{"taxonomy":"product_tag","embeddable":true,"href":"https:\/\/jas.dk\/en\/wp-json\/wp\/v2\/product_tag?post=34661"}],"curies":[{"name":"wp","href":"https:\/\/api.w.org\/{rel}","templated":true}]}}